{"id":588,"date":"2015-06-16T14:28:45","date_gmt":"2015-06-16T14:28:45","guid":{"rendered":"http:\/\/censys.es\/nl\/?page_id=588"},"modified":"2017-09-01T12:22:57","modified_gmt":"2017-09-01T12:22:57","slug":"one-touch-control","status":"publish","type":"page","link":"https:\/\/censys.es\/nl\/one-touch-control\/","title":{"rendered":"One touch control"},"content":{"rendered":"<div class=\"fusion-fullwidth fullwidth-box fusion-builder-row-1 hundred-percent-fullwidth non-hundred-percent-height-scrolling\" style=\"--awb-border-radius-top-left:0px;--awb-border-radius-top-right:0px;--awb-border-radius-bottom-right:0px;--awb-border-radius-bottom-left:0px;--awb-overflow:visible;--awb-padding-right:0px;--awb-padding-left:0px;--awb-flex-wrap:wrap;\" ><div class=\"fusion-builder-row fusion-row\"><div class=\"fusion-layout-column fusion_builder_column fusion-builder-column-0 fusion_builder_column_1_1 1_1 fusion-one-full fusion-column-first fusion-column-last\" style=\"--awb-bg-size:cover;--awb-margin-bottom:-50px;\"><div class=\"fusion-column-wrapper fusion-flex-column-wrapper-legacy\"><div class=\"fusion-image-element in-legacy-container\" style=\"--awb-caption-title-font-family:var(--h2_typography-font-family);--awb-caption-title-font-weight:var(--h2_typography-font-weight);--awb-caption-title-font-style:var(--h2_typography-font-style);--awb-caption-title-size:var(--h2_typography-font-size);--awb-caption-title-transform:var(--h2_typography-text-transform);--awb-caption-title-line-height:var(--h2_typography-line-height);--awb-caption-title-letter-spacing:var(--h2_typography-letter-spacing);\"><span class=\" fusion-imageframe imageframe-none imageframe-1 hover-type-none\"><img decoding=\"async\" width=\"1920\" height=\"759\" title=\"One-Touch-Control-Censys-1\" src=\"http:\/\/censys.es\/wp-content\/uploads\/2017\/08\/One-Touch-Control-Censys-1.jpg\" alt class=\"img-responsive wp-image-1240\" srcset=\"https:\/\/censys.es\/wp-content\/uploads\/2017\/08\/One-Touch-Control-Censys-1-200x79.jpg 200w, https:\/\/censys.es\/wp-content\/uploads\/2017\/08\/One-Touch-Control-Censys-1-400x158.jpg 400w, https:\/\/censys.es\/wp-content\/uploads\/2017\/08\/One-Touch-Control-Censys-1-600x237.jpg 600w, https:\/\/censys.es\/wp-content\/uploads\/2017\/08\/One-Touch-Control-Censys-1-800x316.jpg 800w, https:\/\/censys.es\/wp-content\/uploads\/2017\/08\/One-Touch-Control-Censys-1-1200x474.jpg 1200w, https:\/\/censys.es\/wp-content\/uploads\/2017\/08\/One-Touch-Control-Censys-1.jpg 1920w\" sizes=\"(max-width: 800px) 100vw, 1200px\" \/><\/span><\/div><div class=\"fusion-clearfix\"><\/div><\/div><\/div><div class=\"fusion-layout-column fusion_builder_column fusion-builder-column-1 fusion_builder_column_1_1 1_1 fusion-one-full fusion-column-first fusion-column-last\" style=\"--awb-padding-top:60px;--awb-padding-right:60px;--awb-padding-bottom:60px;--awb-padding-left:60px;--awb-bg-size:cover;--awb-margin-top:30px;--awb-margin-bottom:-30px;\"><div class=\"fusion-column-wrapper fusion-flex-column-wrapper-legacy\"><div class=\"fusion-text fusion-text-1\"><p>Met One Touch Control van Censys wordt het bedienen van uw installaties een plezier. Dat wordt in sterke mate bereikt door het bedieningsgemak. Maar voor Censys betekent One Touch Control zo veel meer. Want door toepassing van onze systemen versterken wij het karakter van uw omgeving als \u2018the place to be\u2019.<\/p>\n<p>Wij leveren comfort. En voor iedereen betekent comfort iets anders. Maar in ieder geval maken wij het leven een stukje eenvoudiger en aangenamer door uw huis en bedrijfspand, op wat voor manier ook, te automatiseren.<\/p>\n<p>One Touch Control houdt in dat u al uw installaties kunt bedienen met \u00e9\u00e9n druk op de knop op een mobiel apparaat of een scherm in de muur. Denkt u hierbij aan verlichting, waarbij verschillende lichtscenes worden geprogrammeerd voor elke gelegenheid, het automatisch bedienen van uw gordijnen, uw klimaatbeheersingssysteem en het integreren van uw beveiligingssysteem waardoor u op elk moment en op elke plek uw camera\u2019s kunt bekijken.<\/p>\n<\/div><div class=\"fusion-clearfix\"><\/div><\/div><\/div><div class=\"fusion-layout-column fusion_builder_column fusion-builder-column-2 fusion_builder_column_1_1 1_1 fusion-one-full fusion-column-first fusion-column-last\" style=\"--awb-bg-size:cover;--awb-margin-bottom:-50px;\"><div class=\"fusion-column-wrapper fusion-flex-column-wrapper-legacy\"><div class=\"fusion-image-element in-legacy-container\" style=\"--awb-caption-title-font-family:var(--h2_typography-font-family);--awb-caption-title-font-weight:var(--h2_typography-font-weight);--awb-caption-title-font-style:var(--h2_typography-font-style);--awb-caption-title-size:var(--h2_typography-font-size);--awb-caption-title-transform:var(--h2_typography-text-transform);--awb-caption-title-line-height:var(--h2_typography-line-height);--awb-caption-title-letter-spacing:var(--h2_typography-letter-spacing);\"><span class=\" fusion-imageframe imageframe-none imageframe-2 hover-type-none\"><img decoding=\"async\" width=\"1920\" height=\"710\" title=\"One-Touch-Control-Censys-2\" src=\"http:\/\/censys.es\/wp-content\/uploads\/2017\/08\/One-Touch-Control-Censys-2.jpg\" alt class=\"img-responsive wp-image-1242\" srcset=\"https:\/\/censys.es\/wp-content\/uploads\/2017\/08\/One-Touch-Control-Censys-2-200x74.jpg 200w, https:\/\/censys.es\/wp-content\/uploads\/2017\/08\/One-Touch-Control-Censys-2-400x148.jpg 400w, https:\/\/censys.es\/wp-content\/uploads\/2017\/08\/One-Touch-Control-Censys-2-600x222.jpg 600w, https:\/\/censys.es\/wp-content\/uploads\/2017\/08\/One-Touch-Control-Censys-2-800x296.jpg 800w, https:\/\/censys.es\/wp-content\/uploads\/2017\/08\/One-Touch-Control-Censys-2-1200x444.jpg 1200w, https:\/\/censys.es\/wp-content\/uploads\/2017\/08\/One-Touch-Control-Censys-2.jpg 1920w\" sizes=\"(max-width: 800px) 100vw, 1200px\" \/><\/span><\/div><div class=\"fusion-clearfix\"><\/div><\/div><\/div><div class=\"fusion-layout-column fusion_builder_column fusion-builder-column-3 fusion_builder_column_1_1 1_1 fusion-one-full fusion-column-first fusion-column-last\" style=\"--awb-padding-top:60px;--awb-padding-right:60px;--awb-padding-bottom:60px;--awb-padding-left:60px;--awb-bg-size:cover;--awb-margin-top:30px;--awb-margin-bottom:-30px;\"><div class=\"fusion-column-wrapper fusion-flex-column-wrapper-legacy\"><div class=\"fusion-text fusion-text-2\"><p>Wij brengen entertainment naar een next level. Zowel binnen als buiten. De mooiste schermen: groot, groter, grootst. Of onzichtbaar, weggewerkt in een kast of vermomd als spiegel.<br \/>\nMuziek in elke ruimte uit grote, indrukwekkende speakers of zo u wilt volledig onzichtbaar weggewerkt in de muur. Uiteraard m\u00e9t behoud van kwaliteitsgeluid van uw geluidsinstallatie. Die kunstzinnige eye catchers in de tuin? Het is maar \u00e9\u00e9n van de vele voorbeelden van kwaliteitsbuitenspeakers. Uw wensen, onze oplossingen.<\/p>\n<p>Mogelijk denkt u nu aan energieverslindende installaties. Wij dragen echter graag ons steentje bij aan een beter milieu. Belangrijke pijlers voor ons zijn dan ook energiebesparing en duurzaamheid. Wij maken gebruik van materialen van topkwaliteit en zijn steeds op zoek naar de meest energiezuinige apparaten. Door dan ook nog slim gebruik te maken van bijvoorbeeld verschillende lichtscenes, voorkomt u dat er onnodig lichten blijven branden en waarmee energieverspilling wordt voorkomen.<\/p>\n<p>En wilt u graag nog een stapje verder, dan installeren wij zonnepanelen waarvan u de productie, en uw totale energieconsumptie, kunt monitoren op uw scherm.<\/p>\n<\/div><div class=\"fusion-clearfix\"><\/div><\/div><\/div><div class=\"fusion-layout-column fusion_builder_column fusion-builder-column-4 fusion_builder_column_1_1 1_1 fusion-one-full fusion-column-first fusion-column-last\" style=\"--awb-bg-size:cover;\"><div class=\"fusion-column-wrapper fusion-flex-column-wrapper-legacy\"><div class=\"fusion-image-element in-legacy-container\" style=\"--awb-caption-title-font-family:var(--h2_typography-font-family);--awb-caption-title-font-weight:var(--h2_typography-font-weight);--awb-caption-title-font-style:var(--h2_typography-font-style);--awb-caption-title-size:var(--h2_typography-font-size);--awb-caption-title-transform:var(--h2_typography-text-transform);--awb-caption-title-line-height:var(--h2_typography-line-height);--awb-caption-title-letter-spacing:var(--h2_typography-letter-spacing);\"><span class=\" fusion-imageframe imageframe-none imageframe-3 hover-type-none\"><img decoding=\"async\" width=\"1920\" height=\"710\" title=\"One-Touch-Control-Censys-3\" src=\"http:\/\/censys.es\/wp-content\/uploads\/2017\/08\/One-Touch-Control-Censys-3.jpg\" alt class=\"img-responsive wp-image-1244\" srcset=\"https:\/\/censys.es\/wp-content\/uploads\/2017\/08\/One-Touch-Control-Censys-3-200x74.jpg 200w, https:\/\/censys.es\/wp-content\/uploads\/2017\/08\/One-Touch-Control-Censys-3-400x148.jpg 400w, https:\/\/censys.es\/wp-content\/uploads\/2017\/08\/One-Touch-Control-Censys-3-600x222.jpg 600w, https:\/\/censys.es\/wp-content\/uploads\/2017\/08\/One-Touch-Control-Censys-3-800x296.jpg 800w, https:\/\/censys.es\/wp-content\/uploads\/2017\/08\/One-Touch-Control-Censys-3-1200x444.jpg 1200w, https:\/\/censys.es\/wp-content\/uploads\/2017\/08\/One-Touch-Control-Censys-3.jpg 1920w\" sizes=\"(max-width: 800px) 100vw, 1200px\" \/><\/span><\/div><div class=\"fusion-clearfix\"><\/div><\/div><\/div><div class=\"fusion-layout-column fusion_builder_column fusion-builder-column-5 fusion_builder_column_1_1 1_1 fusion-one-full fusion-column-first fusion-column-last\" style=\"--awb-padding-top:60px;--awb-padding-right:60px;--awb-padding-bottom:60px;--awb-padding-left:60px;--awb-bg-size:cover;--awb-margin-top:-30px;--awb-margin-bottom:-30px;\"><div class=\"fusion-column-wrapper fusion-flex-column-wrapper-legacy\"><div class=\"fusion-text fusion-text-3\"><p>Omdat uw behoeften door de tijd heen kunnen veranderen, levert Censys bovenal een levensloopbestendig systeem. Het gaat daarbij niet alleen om luxe en gemak, maar ook over veiligheid en zorg.<\/p>\n<p>One Touch Control is een platform dat een veelheid aan woon- en werkconcepten mogelijk maakt. Aanpasbaar aan iedere fase in uw leven. Het leveren van een bijzondere bijdrage aan uw voortdurende welzijn zien wij dan ook als onze ultieme uitdaging.<\/p>\n<p>In de afgelopen Jaren is Censys uitgegroeid tot een toonaangevende organisatie op het gebied van custom installation. Onze kennis van technologisch hoogwaardige systemen gekoppeld aan onze praktijkervaring in het managen van gecompliceerde projecten maakt Censys uniek.<br \/>\nWij investeren doorlopend in het ontwikkelen van nieuwe technieken, producten en bedieningsmogelijkheden. Maar natuurlijk ook in onze mensen die voor u het beste uit de voorhanden zijnde techniek halen. En soms nog meer dan dat.<\/p>\n<\/div><div class=\"fusion-clearfix\"><\/div><\/div><\/div><\/div><\/div>\n","protected":false},"excerpt":{"rendered":"","protected":false},"author":1,"featured_media":0,"parent":0,"menu_order":0,"comment_status":"closed","ping_status":"closed","template":"100-width.php","meta":{"footnotes":""},"class_list":["post-588","page","type-page","status-publish","hentry"],"yoast_head":"<!-- This site is optimized with the Yoast SEO plugin v25.4 - https:\/\/yoast.com\/wordpress\/plugins\/seo\/ -->\n<title>One Touch Control van Censys Ib\u00e9rica: Automatiseer uw huis en bedrijf<\/title>\n<meta name=\"description\" content=\"Met One Touch Control automatiseert u uw huis en bedrijf met slechts een druk op de knop. Thuisbioscopen, klimaatbeheersing, licht, beveiliging, muziek...\" \/>\n<meta name=\"robots\" content=\"index, follow, max-snippet:-1, max-image-preview:large, max-video-preview:-1\" \/>\n<link rel=\"canonical\" href=\"https:\/\/censys.es\/nl\/one-touch-control\/\" \/>\n<meta property=\"og:locale\" content=\"nl_NL\" \/>\n<meta property=\"og:type\" content=\"article\" \/>\n<meta property=\"og:title\" content=\"One Touch Control van Censys Ib\u00e9rica: Automatiseer uw huis en bedrijf\" \/>\n<meta property=\"og:description\" content=\"Met One Touch Control automatiseert u uw huis en bedrijf met slechts een druk op de knop. Thuisbioscopen, klimaatbeheersing, licht, beveiliging, muziek...\" \/>\n<meta property=\"og:url\" content=\"https:\/\/censys.es\/nl\/one-touch-control\/\" \/>\n<meta property=\"og:site_name\" content=\"Censys Ib\u00e9rica\" \/>\n<meta property=\"article:publisher\" content=\"https:\/\/www.facebook.com\/Censys-1424692627775228\/\" \/>\n<meta property=\"article:modified_time\" content=\"2017-09-01T12:22:57+00:00\" \/>\n<meta name=\"twitter:card\" content=\"summary_large_image\" \/>\n<meta name=\"twitter:label1\" content=\"Geschatte leestijd\" \/>\n\t<meta name=\"twitter:data1\" content=\"5 minuten\" \/>\n<script type=\"application\/ld+json\" class=\"yoast-schema-graph\">{\"@context\":\"https:\/\/schema.org\",\"@graph\":[{\"@type\":\"WebPage\",\"@id\":\"https:\/\/censys.es\/nl\/one-touch-control\/\",\"url\":\"https:\/\/censys.es\/nl\/one-touch-control\/\",\"name\":\"One Touch Control van Censys Ib\u00e9rica: Automatiseer uw huis en bedrijf\",\"isPartOf\":{\"@id\":\"https:\/\/censys.es\/#website\"},\"datePublished\":\"2015-06-16T14:28:45+00:00\",\"dateModified\":\"2017-09-01T12:22:57+00:00\",\"description\":\"Met One Touch Control automatiseert u uw huis en bedrijf met slechts een druk op de knop. Thuisbioscopen, klimaatbeheersing, licht, beveiliging, muziek...\",\"breadcrumb\":{\"@id\":\"https:\/\/censys.es\/nl\/one-touch-control\/#breadcrumb\"},\"inLanguage\":\"nl-NL\",\"potentialAction\":[{\"@type\":\"ReadAction\",\"target\":[\"https:\/\/censys.es\/nl\/one-touch-control\/\"]}]},{\"@type\":\"BreadcrumbList\",\"@id\":\"https:\/\/censys.es\/nl\/one-touch-control\/#breadcrumb\",\"itemListElement\":[{\"@type\":\"ListItem\",\"position\":1,\"name\":\"Home\",\"item\":\"https:\/\/censys.es\/nl\/\"},{\"@type\":\"ListItem\",\"position\":2,\"name\":\"One touch control\"}]},{\"@type\":\"WebSite\",\"@id\":\"https:\/\/censys.es\/#website\",\"url\":\"https:\/\/censys.es\/\",\"name\":\"Censys Ib\u00e9rica\",\"description\":\"In Touch With Control\",\"publisher\":{\"@id\":\"https:\/\/censys.es\/#organization\"},\"potentialAction\":[{\"@type\":\"SearchAction\",\"target\":{\"@type\":\"EntryPoint\",\"urlTemplate\":\"https:\/\/censys.es\/?s={search_term_string}\"},\"query-input\":{\"@type\":\"PropertyValueSpecification\",\"valueRequired\":true,\"valueName\":\"search_term_string\"}}],\"inLanguage\":\"nl-NL\"},{\"@type\":\"Organization\",\"@id\":\"https:\/\/censys.es\/#organization\",\"name\":\"Censys Ib\u00e9rica\",\"url\":\"https:\/\/censys.es\/\",\"logo\":{\"@type\":\"ImageObject\",\"inLanguage\":\"nl-NL\",\"@id\":\"https:\/\/censys.es\/#\/schema\/logo\/image\/\",\"url\":\"https:\/\/censys.es\/wp-content\/uploads\/2015\/11\/Censys-logo-web.jpg\",\"contentUrl\":\"https:\/\/censys.es\/wp-content\/uploads\/2015\/11\/Censys-logo-web.jpg\",\"width\":100,\"height\":100,\"caption\":\"Censys Ib\u00e9rica\"},\"image\":{\"@id\":\"https:\/\/censys.es\/#\/schema\/logo\/image\/\"},\"sameAs\":[\"https:\/\/www.facebook.com\/Censys-1424692627775228\/\"]}]}<\/script>\n<!-- \/ Yoast SEO plugin. -->","yoast_head_json":{"title":"One Touch Control van Censys Ib\u00e9rica: Automatiseer uw huis en bedrijf","description":"Met One Touch Control automatiseert u uw huis en bedrijf met slechts een druk op de knop. Thuisbioscopen, klimaatbeheersing, licht, beveiliging, muziek...","robots":{"index":"index","follow":"follow","max-snippet":"max-snippet:-1","max-image-preview":"max-image-preview:large","max-video-preview":"max-video-preview:-1"},"canonical":"https:\/\/censys.es\/nl\/one-touch-control\/","og_locale":"nl_NL","og_type":"article","og_title":"One Touch Control van Censys Ib\u00e9rica: Automatiseer uw huis en bedrijf","og_description":"Met One Touch Control automatiseert u uw huis en bedrijf met slechts een druk op de knop. Thuisbioscopen, klimaatbeheersing, licht, beveiliging, muziek...","og_url":"https:\/\/censys.es\/nl\/one-touch-control\/","og_site_name":"Censys Ib\u00e9rica","article_publisher":"https:\/\/www.facebook.com\/Censys-1424692627775228\/","article_modified_time":"2017-09-01T12:22:57+00:00","twitter_card":"summary_large_image","twitter_misc":{"Geschatte leestijd":"5 minuten"},"schema":{"@context":"https:\/\/schema.org","@graph":[{"@type":"WebPage","@id":"https:\/\/censys.es\/nl\/one-touch-control\/","url":"https:\/\/censys.es\/nl\/one-touch-control\/","name":"One Touch Control van Censys Ib\u00e9rica: Automatiseer uw huis en bedrijf","isPartOf":{"@id":"https:\/\/censys.es\/#website"},"datePublished":"2015-06-16T14:28:45+00:00","dateModified":"2017-09-01T12:22:57+00:00","description":"Met One Touch Control automatiseert u uw huis en bedrijf met slechts een druk op de knop. Thuisbioscopen, klimaatbeheersing, licht, beveiliging, muziek...","breadcrumb":{"@id":"https:\/\/censys.es\/nl\/one-touch-control\/#breadcrumb"},"inLanguage":"nl-NL","potentialAction":[{"@type":"ReadAction","target":["https:\/\/censys.es\/nl\/one-touch-control\/"]}]},{"@type":"BreadcrumbList","@id":"https:\/\/censys.es\/nl\/one-touch-control\/#breadcrumb","itemListElement":[{"@type":"ListItem","position":1,"name":"Home","item":"https:\/\/censys.es\/nl\/"},{"@type":"ListItem","position":2,"name":"One touch control"}]},{"@type":"WebSite","@id":"https:\/\/censys.es\/#website","url":"https:\/\/censys.es\/","name":"Censys Ib\u00e9rica","description":"In Touch With Control","publisher":{"@id":"https:\/\/censys.es\/#organization"},"potentialAction":[{"@type":"SearchAction","target":{"@type":"EntryPoint","urlTemplate":"https:\/\/censys.es\/?s={search_term_string}"},"query-input":{"@type":"PropertyValueSpecification","valueRequired":true,"valueName":"search_term_string"}}],"inLanguage":"nl-NL"},{"@type":"Organization","@id":"https:\/\/censys.es\/#organization","name":"Censys Ib\u00e9rica","url":"https:\/\/censys.es\/","logo":{"@type":"ImageObject","inLanguage":"nl-NL","@id":"https:\/\/censys.es\/#\/schema\/logo\/image\/","url":"https:\/\/censys.es\/wp-content\/uploads\/2015\/11\/Censys-logo-web.jpg","contentUrl":"https:\/\/censys.es\/wp-content\/uploads\/2015\/11\/Censys-logo-web.jpg","width":100,"height":100,"caption":"Censys Ib\u00e9rica"},"image":{"@id":"https:\/\/censys.es\/#\/schema\/logo\/image\/"},"sameAs":["https:\/\/www.facebook.com\/Censys-1424692627775228\/"]}]}},"_links":{"self":[{"href":"https:\/\/censys.es\/nl\/wp-json\/wp\/v2\/pages\/588\/"}],"collection":[{"href":"https:\/\/censys.es\/nl\/wp-json\/wp\/v2\/pages\/"}],"about":[{"href":"https:\/\/censys.es\/nl\/wp-json\/wp\/v2\/types\/page\/"}],"author":[{"embeddable":true,"href":"https:\/\/censys.es\/nl\/wp-json\/wp\/v2\/users\/1\/"}],"replies":[{"embeddable":true,"href":"https:\/\/censys.es\/nl\/wp-json\/wp\/v2\/comments\/?post=588"}],"version-history":[{"count":21,"href":"https:\/\/censys.es\/nl\/wp-json\/wp\/v2\/pages\/588\/revisions\/"}],"predecessor-version":[{"id":1021,"href":"https:\/\/censys.es\/nl\/wp-json\/wp\/v2\/pages\/588\/revisions\/1021\/"}],"wp:attachment":[{"href":"https:\/\/censys.es\/nl\/wp-json\/wp\/v2\/media\/?parent=588"}],"curies":[{"name":"wp","href":"https:\/\/api.w.org\/{rel}","templated":true}]}}